{"id":11,"date":"2014-07-26T05:43:30","date_gmt":"2014-07-26T05:43:30","guid":{"rendered":"http:\/\/www.tzimol.com\/en\/?page_id=11"},"modified":"2022-05-25T15:52:16","modified_gmt":"2022-05-25T15:52:16","slug":"location-and-weather","status":"publish","type":"page","link":"https:\/\/www.tzimol.com\/en\/location-and-weather\/","title":{"rendered":"Location and weather"},"content":{"rendered":"<p><strong>Location:<\/strong><br \/>The <strong>&#8220;Las 3 Tzimoleras&#8221;<\/strong> waterfalls are located within the &#8220;Santo Domingo&#8221; ranch in the municipality of Tzimol, about 12km from Comit\u00e1n de Dom\u00ednguez, Chiapas. The area covers 350 hectors where you&#8217;ll find three breathtaking waterfalls, the tallest approximately 60 metres.<\/p>\n<p>Tzimol is 20 minutos from Comit\u00e1n de Dom\u00ednguez, 2 hours from San Crist\u00f3bal de Las Casas or 3 hours from Tuxtla Guti\u00e9rrez.<\/p>\n<p><strong>Weather:<\/strong><br \/>The weather is moderate, warm in spring and cool in winter.<\/p>\n<p>The best time to visit is during the dry season, generally from December to May.<\/p>\n<p><span style=\"font-size: revert;\">We also operate during the rainy season (June to October) although we might temporarily suspend tours to the waterfalls. Please contact us to check weather and river conditions prior to your visit.<\/span><\/p>\n<p><img data-recalc-dims=\"1\" fetchpriority=\"high\" decoding=\"async\" data-attachment-id=\"108\" data-permalink=\"https:\/\/www.tzimol.com\/en\/location-and-weather\/map-tzimol-macro-en\/\" data-orig-file=\"https:\/\/i0.wp.com\/www.tzimol.com\/en\/wp-content\/uploads\/sites\/2\/2015\/04\/map-tzimol-macro-EN-e1451870403924.jpg?fit=500%2C385&amp;ssl=1\" data-orig-size=\"500,385\" data-comments-opened=\"0\" data-image-meta=\"{&quot;aperture&quot;:&quot;0&quot;,&quot;credit&quot;:&quot;&quot;,&quot;camera&quot;:&quot;&quot;,&quot;caption&quot;:&quot;&quot;,&quot;created_timestamp&quot;:&quot;0&quot;,&quot;copyright&quot;:&quot;&quot;,&quot;focal_length&quot;:&quot;0&quot;,&quot;iso&quot;:&quot;0&quot;,&quot;shutter_speed&quot;:&quot;0&quot;,&quot;title&quot;:&quot;&quot;}\" data-image-title=\"Las 3 Tzimoleras, Chiapas, Mexico\" data-image-description=\"&lt;p&gt;Las 3 Tzimoleras, Chiapas, Mexico&lt;\/p&gt;\n\" data-image-caption=\"&lt;p&gt;Las 3 Tzimoleras, Chiapas, Mexico&lt;\/p&gt;\n\" data-medium-file=\"https:\/\/i0.wp.com\/www.tzimol.com\/en\/wp-content\/uploads\/sites\/2\/2015\/04\/map-tzimol-macro-EN-e1451870403924.jpg?fit=300%2C231&amp;ssl=1\" data-large-file=\"https:\/\/i0.wp.com\/www.tzimol.com\/en\/wp-content\/uploads\/sites\/2\/2015\/04\/map-tzimol-macro-EN-e1451870403924.jpg?fit=500%2C385&amp;ssl=1\" class=\"alignnone size-full wp-image-108\" src=\"https:\/\/i0.wp.com\/www.tzimol.com\/en\/wp-content\/uploads\/sites\/2\/2015\/04\/map-tzimol-macro-EN.jpg?resize=771%2C594\" alt=\"map-tzimol-macro-EN\" width=\"771\" height=\"594\" \/><\/p>\n<p>\u00a0<\/p>\n\n\n<iframe src=\"https:\/\/www.google.com\/maps\/embed?pb=!1m18!1m12!1m3!1d3831.7309732770627!2d-92.1898787505732!3d16.182818040629726!2m3!1f0!2f0!3f0!3m2!1i1024!2i768!4f13.1!3m3!1m2!1s0x858d41ad8e270d4b%3A0x6f52048a0314f87d!2s3%20Tzimoleras!5e0!3m2!1sen!2smx!4v1626064202215!5m2!1sen!2smx\" width=\"600\" height=\"450\" style=\"border:0;\" allowfullscreen=\"\" loading=\"lazy\"><\/iframe>\n","protected":false},"excerpt":{"rendered":"<p>Location:The &#8220;Las 3 Tzimoleras&#8221; waterfalls are located within the &#8220;Santo Domingo&#8221; ranch in the municipality of Tzimol, about 12km from Comit\u00e1n de Dom\u00ednguez, Chiapas. The area covers 350 hectors where you&#8217;ll find three breathtaking waterfalls, the tallest approximately 60 metres. Tzimol is 20 minutos from Comit\u00e1n de Dom\u00ednguez, 2 hours from San Crist\u00f3bal de Las &hellip; <\/p>\n<p class=\"link-more\"><a href=\"https:\/\/www.tzimol.com\/en\/location-and-weather\/\" class=\"more-link\">Read more<span class=\"screen-reader-text\"> &#8220;Location and weather&#8221;<\/span><\/a><\/p>\n","protected":false},"author":2,"featured_media":754,"parent":0,"menu_order":0,"comment_status":"closed","ping_status":"closed","template":"","meta":{"jetpack_post_was_ever_published":false,"footnotes":""},"class_list":["post-11","page","type-page","status-publish","has-post-thumbnail","hentry"],"jetpack_shortlink":"https:\/\/wp.me\/P4Vn0R-b","jetpack_sharing_enabled":true,"_links":{"self":[{"href":"https:\/\/www.tzimol.com\/en\/wp-json\/wp\/v2\/pages\/11","targetHints":{"allow":["GET"]}}],"collection":[{"href":"https:\/\/www.tzimol.com\/en\/wp-json\/wp\/v2\/pages"}],"about":[{"href":"https:\/\/www.tzimol.com\/en\/wp-json\/wp\/v2\/types\/page"}],"author":[{"embeddable":true,"href":"https:\/\/www.tzimol.com\/en\/wp-json\/wp\/v2\/users\/2"}],"replies":[{"embeddable":true,"href":"https:\/\/www.tzimol.com\/en\/wp-json\/wp\/v2\/comments?post=11"}],"version-history":[{"count":10,"href":"https:\/\/www.tzimol.com\/en\/wp-json\/wp\/v2\/pages\/11\/revisions"}],"predecessor-version":[{"id":1013,"href":"https:\/\/www.tzimol.com\/en\/wp-json\/wp\/v2\/pages\/11\/revisions\/1013"}],"wp:featuredmedia":[{"embeddable":true,"href":"https:\/\/www.tzimol.com\/en\/wp-json\/wp\/v2\/media\/754"}],"wp:attachment":[{"href":"https:\/\/www.tzimol.com\/en\/wp-json\/wp\/v2\/media?parent=11"}],"curies":[{"name":"wp","href":"https:\/\/api.w.org\/{rel}","templated":true}]}}